{"id":8562,"date":"2016-10-20T19:47:54","date_gmt":"2016-10-20T18:47:54","guid":{"rendered":"https:\/\/www.sagafurs.com\/sv\/bolaget\/investors\/aktier-och-aktieagare\/yhtion-osingonjakopolitiikka\/"},"modified":"2020-01-20T14:05:48","modified_gmt":"2020-01-20T12:05:48","slug":"foretagets-dividendutdelningspolitik","status":"publish","type":"page","link":"https:\/\/www.sagafurs.com\/sv\/bolaget\/investerare\/aktier-och-aktieagare\/foretagets-dividendutdelningspolitik\/","title":{"rendered":"F\u00f6retagets dividendutdelningspolitik"},"content":{"rendered":"<p>Vid sitt m\u00f6te den 14.10.2013 har Saga Furs Oyj:s styrelse fastslagit f\u00f6ljande riktlinjer f\u00f6r bolagets utdelningspolitik:<\/p>\n<p>Bolagets m\u00e5ls\u00e4ttning \u00e4r en j\u00e4mn utdelning med beaktande av bolagets aff\u00e4rsverksamhetsutsikter \u00e4vensom de finansiella behov som h\u00e4nf\u00f6r sig till aff\u00e4rsverksamheten och d\u00e4rtillh\u00f6rande n\u00f6dv\u00e4ndiga investeringar.<\/p>\n","protected":false},"excerpt":{"rendered":"<p>Vid sitt m\u00f6te den 14.10.2013 har Saga Furs Oyj:s styrelse fastslagit f\u00f6ljande riktlinjer f\u00f6r bolagets utdelningspolitik: Bolagets m\u00e5ls\u00e4ttning \u00e4r en j\u00e4mn utdelning med beaktande av bolagets aff\u00e4rsverksamhetsutsikter \u00e4vensom de finansiella behov som h\u00e4nf\u00f6r sig till aff\u00e4rsverksamheten och d\u00e4rtillh\u00f6rande n\u00f6dv\u00e4ndiga investeringar.<\/p>\n","protected":false},"author":29,"featured_media":0,"parent":2616,"menu_order":0,"comment_status":"closed","ping_status":"closed","template":"templates\/content-page-template.php","meta":{"_acf_changed":false,"footnotes":""},"class_list":["post-8562","page","type-page","status-publish","hentry"],"acf":[],"yoast_head":"<!-- This site is optimized with the Yoast SEO plugin v27.3 - https:\/\/yoast.com\/product\/yoast-seo-wordpress\/ -->\n<title>F\u00f6retagets dividendutdelningspolitik - Sagafurs<\/title>\n<meta name=\"robots\" content=\"index, follow, max-snippet:-1, max-image-preview:large, max-video-preview:-1\" \/>\n<link rel=\"canonical\" href=\"https:\/\/www.sagafurs.com\/sv\/bolaget\/investerare\/aktier-och-aktieagare\/foretagets-dividendutdelningspolitik\/\" \/>\n<meta property=\"og:locale\" content=\"sv_SE\" \/>\n<meta property=\"og:type\" content=\"article\" \/>\n<meta property=\"og:title\" content=\"F\u00f6retagets dividendutdelningspolitik - Sagafurs\" \/>\n<meta property=\"og:description\" content=\"Vid sitt m\u00f6te den 14.10.2013 har Saga Furs Oyj:s styrelse fastslagit f\u00f6ljande riktlinjer f\u00f6r bolagets utdelningspolitik: Bolagets m\u00e5ls\u00e4ttning \u00e4r en j\u00e4mn utdelning med beaktande av bolagets aff\u00e4rsverksamhetsutsikter \u00e4vensom de finansiella behov som h\u00e4nf\u00f6r sig till aff\u00e4rsverksamheten och d\u00e4rtillh\u00f6rande n\u00f6dv\u00e4ndiga investeringar.\" \/>\n<meta property=\"og:url\" content=\"https:\/\/www.sagafurs.com\/sv\/bolaget\/investerare\/aktier-och-aktieagare\/foretagets-dividendutdelningspolitik\/\" \/>\n<meta property=\"og:site_name\" content=\"Sagafurs\" \/>\n<meta property=\"article:modified_time\" content=\"2020-01-20T12:05:48+00:00\" \/>\n<meta name=\"twitter:card\" content=\"summary_large_image\" \/>\n<script type=\"application\/ld+json\" class=\"yoast-schema-graph\">{\"@context\":\"https:\\\/\\\/schema.org\",\"@graph\":[{\"@type\":\"WebPage\",\"@id\":\"https:\\\/\\\/www.sagafurs.com\\\/sv\\\/bolaget\\\/investerare\\\/aktier-och-aktieagare\\\/foretagets-dividendutdelningspolitik\\\/\",\"url\":\"https:\\\/\\\/www.sagafurs.com\\\/sv\\\/bolaget\\\/investerare\\\/aktier-och-aktieagare\\\/foretagets-dividendutdelningspolitik\\\/\",\"name\":\"F\u00f6retagets dividendutdelningspolitik - Sagafurs\",\"isPartOf\":{\"@id\":\"https:\\\/\\\/www.sagafurs.com\\\/#website\"},\"datePublished\":\"2016-10-20T18:47:54+00:00\",\"dateModified\":\"2020-01-20T12:05:48+00:00\",\"breadcrumb\":{\"@id\":\"https:\\\/\\\/www.sagafurs.com\\\/sv\\\/bolaget\\\/investerare\\\/aktier-och-aktieagare\\\/foretagets-dividendutdelningspolitik\\\/#breadcrumb\"},\"inLanguage\":\"sv-SE\",\"potentialAction\":[{\"@type\":\"ReadAction\",\"target\":[\"https:\\\/\\\/www.sagafurs.com\\\/sv\\\/bolaget\\\/investerare\\\/aktier-och-aktieagare\\\/foretagets-dividendutdelningspolitik\\\/\"]}]},{\"@type\":\"BreadcrumbList\",\"@id\":\"https:\\\/\\\/www.sagafurs.com\\\/sv\\\/bolaget\\\/investerare\\\/aktier-och-aktieagare\\\/foretagets-dividendutdelningspolitik\\\/#breadcrumb\",\"itemListElement\":[{\"@type\":\"ListItem\",\"position\":1,\"name\":\"Home\",\"item\":\"https:\\\/\\\/www.sagafurs.com\\\/sv\\\/\"},{\"@type\":\"ListItem\",\"position\":2,\"name\":\"Bolaget\",\"item\":\"https:\\\/\\\/www.sagafurs.com\\\/sv\\\/bolaget\\\/\"},{\"@type\":\"ListItem\",\"position\":3,\"name\":\"Investerare\",\"item\":\"https:\\\/\\\/www.sagafurs.com\\\/sv\\\/bolaget\\\/investerare\\\/\"},{\"@type\":\"ListItem\",\"position\":4,\"name\":\"Aktier och aktie\u00e4gare\",\"item\":\"https:\\\/\\\/www.sagafurs.com\\\/sv\\\/bolaget\\\/investerare\\\/aktier-och-aktieagare\\\/\"},{\"@type\":\"ListItem\",\"position\":5,\"name\":\"F\u00f6retagets dividendutdelningspolitik\"}]},{\"@type\":\"WebSite\",\"@id\":\"https:\\\/\\\/www.sagafurs.com\\\/#website\",\"url\":\"https:\\\/\\\/www.sagafurs.com\\\/\",\"name\":\"Sagafurs\",\"description\":\"Sagafurs\",\"potentialAction\":[{\"@type\":\"SearchAction\",\"target\":{\"@type\":\"EntryPoint\",\"urlTemplate\":\"https:\\\/\\\/www.sagafurs.com\\\/?s={search_term_string}\"},\"query-input\":{\"@type\":\"PropertyValueSpecification\",\"valueRequired\":true,\"valueName\":\"search_term_string\"}}],\"inLanguage\":\"sv-SE\"}]}<\/script>\n<!-- \/ Yoast SEO plugin. -->","yoast_head_json":{"title":"F\u00f6retagets dividendutdelningspolitik - Sagafurs","robots":{"index":"index","follow":"follow","max-snippet":"max-snippet:-1","max-image-preview":"max-image-preview:large","max-video-preview":"max-video-preview:-1"},"canonical":"https:\/\/www.sagafurs.com\/sv\/bolaget\/investerare\/aktier-och-aktieagare\/foretagets-dividendutdelningspolitik\/","og_locale":"sv_SE","og_type":"article","og_title":"F\u00f6retagets dividendutdelningspolitik - Sagafurs","og_description":"Vid sitt m\u00f6te den 14.10.2013 har Saga Furs Oyj:s styrelse fastslagit f\u00f6ljande riktlinjer f\u00f6r bolagets utdelningspolitik: Bolagets m\u00e5ls\u00e4ttning \u00e4r en j\u00e4mn utdelning med beaktande av bolagets aff\u00e4rsverksamhetsutsikter \u00e4vensom de finansiella behov som h\u00e4nf\u00f6r sig till aff\u00e4rsverksamheten och d\u00e4rtillh\u00f6rande n\u00f6dv\u00e4ndiga investeringar.","og_url":"https:\/\/www.sagafurs.com\/sv\/bolaget\/investerare\/aktier-och-aktieagare\/foretagets-dividendutdelningspolitik\/","og_site_name":"Sagafurs","article_modified_time":"2020-01-20T12:05:48+00:00","twitter_card":"summary_large_image","schema":{"@context":"https:\/\/schema.org","@graph":[{"@type":"WebPage","@id":"https:\/\/www.sagafurs.com\/sv\/bolaget\/investerare\/aktier-och-aktieagare\/foretagets-dividendutdelningspolitik\/","url":"https:\/\/www.sagafurs.com\/sv\/bolaget\/investerare\/aktier-och-aktieagare\/foretagets-dividendutdelningspolitik\/","name":"F\u00f6retagets dividendutdelningspolitik - Sagafurs","isPartOf":{"@id":"https:\/\/www.sagafurs.com\/#website"},"datePublished":"2016-10-20T18:47:54+00:00","dateModified":"2020-01-20T12:05:48+00:00","breadcrumb":{"@id":"https:\/\/www.sagafurs.com\/sv\/bolaget\/investerare\/aktier-och-aktieagare\/foretagets-dividendutdelningspolitik\/#breadcrumb"},"inLanguage":"sv-SE","potentialAction":[{"@type":"ReadAction","target":["https:\/\/www.sagafurs.com\/sv\/bolaget\/investerare\/aktier-och-aktieagare\/foretagets-dividendutdelningspolitik\/"]}]},{"@type":"BreadcrumbList","@id":"https:\/\/www.sagafurs.com\/sv\/bolaget\/investerare\/aktier-och-aktieagare\/foretagets-dividendutdelningspolitik\/#breadcrumb","itemListElement":[{"@type":"ListItem","position":1,"name":"Home","item":"https:\/\/www.sagafurs.com\/sv\/"},{"@type":"ListItem","position":2,"name":"Bolaget","item":"https:\/\/www.sagafurs.com\/sv\/bolaget\/"},{"@type":"ListItem","position":3,"name":"Investerare","item":"https:\/\/www.sagafurs.com\/sv\/bolaget\/investerare\/"},{"@type":"ListItem","position":4,"name":"Aktier och aktie\u00e4gare","item":"https:\/\/www.sagafurs.com\/sv\/bolaget\/investerare\/aktier-och-aktieagare\/"},{"@type":"ListItem","position":5,"name":"F\u00f6retagets dividendutdelningspolitik"}]},{"@type":"WebSite","@id":"https:\/\/www.sagafurs.com\/#website","url":"https:\/\/www.sagafurs.com\/","name":"Sagafurs","description":"Sagafurs","potentialAction":[{"@type":"SearchAction","target":{"@type":"EntryPoint","urlTemplate":"https:\/\/www.sagafurs.com\/?s={search_term_string}"},"query-input":{"@type":"PropertyValueSpecification","valueRequired":true,"valueName":"search_term_string"}}],"inLanguage":"sv-SE"}]}},"_links":{"self":[{"href":"https:\/\/www.sagafurs.com\/sv\/wp-json\/wp\/v2\/pages\/8562","targetHints":{"allow":["GET"]}}],"collection":[{"href":"https:\/\/www.sagafurs.com\/sv\/wp-json\/wp\/v2\/pages"}],"about":[{"href":"https:\/\/www.sagafurs.com\/sv\/wp-json\/wp\/v2\/types\/page"}],"author":[{"embeddable":true,"href":"https:\/\/www.sagafurs.com\/sv\/wp-json\/wp\/v2\/users\/29"}],"replies":[{"embeddable":true,"href":"https:\/\/www.sagafurs.com\/sv\/wp-json\/wp\/v2\/comments?post=8562"}],"version-history":[{"count":0,"href":"https:\/\/www.sagafurs.com\/sv\/wp-json\/wp\/v2\/pages\/8562\/revisions"}],"up":[{"embeddable":true,"href":"https:\/\/www.sagafurs.com\/sv\/wp-json\/wp\/v2\/pages\/2616"}],"wp:attachment":[{"href":"https:\/\/www.sagafurs.com\/sv\/wp-json\/wp\/v2\/media?parent=8562"}],"curies":[{"name":"wp","href":"https:\/\/api.w.org\/{rel}","templated":true}]}}