{"id":8572,"date":"2016-10-20T19:44:48","date_gmt":"2016-10-20T18:44:48","guid":{"rendered":"https:\/\/www.sagafurs.com\/sv\/bolaget\/investors\/aktier-och-aktieagare\/osakassopimukset\/"},"modified":"2016-11-11T08:29:31","modified_gmt":"2016-11-11T08:29:31","slug":"delagarkontrakt","status":"publish","type":"page","link":"https:\/\/www.sagafurs.com\/sv\/bolaget\/investerare\/aktier-och-aktieagare\/delagarkontrakt\/","title":{"rendered":"Del\u00e4garkontrakt"},"content":{"rendered":"<p>Finlands P\u00e4lsdjursuppf\u00f6dares F\u00f6rbund r.f., Pohjois-Suomen Turkisel\u00e4inten Kasvattajat r.y., Svenska \u00d6sterbottens P\u00e4lsdjursodlarf\u00f6rening r.f., Nylands-Tavastlands P\u00e4lsdjursuppf\u00f6dare rf, Satakunnan Turkisel\u00e4inten Kasvattajat r.y., Savo-Karjalan Turkistarhaajat r.y. samt \u00c5lands P\u00e4lsodlarf\u00f6rening r.f. har ing\u00e5tt del\u00e4garkontrakt den 25.5.1996. Nylands-Tavastlands P\u00e4lsdjursuppf\u00f6dare r.f., som sade upp sitt del\u00e4garkontrakt per den 31.12.2009, har \u00e5ter anslutit sig den 14.11.2008.<\/p>\n<p>Enligt del\u00e4garkontraktet skall avtalsparten f\u00f6rst erbjuda Saga Furs Oy:s aktier till de andra avtalsparterna, ifall han\/hon anser \u00f6verl\u00e5ta sina aktier till en utomst\u00e5ende part.<\/p>\n<p>Ifall n\u00e5gon avtalspart b\u00f6rjar f\u00f6rhandla om att s\u00e4lja Saga Furs Oy:s aktier eller en del av dem till en utomst\u00e5ende, b\u00f6r de andra avtalsparterna erbjudas m\u00f6jlighet att delta i f\u00f6rs\u00e4ljningen till samma villkor.<\/p>\n<p>Del\u00e4garkontraktet \u00e4r giltig tills vidare.<\/p>\n","protected":false},"excerpt":{"rendered":"<p>Finlands P\u00e4lsdjursuppf\u00f6dares F\u00f6rbund r.f., Pohjois-Suomen Turkisel\u00e4inten Kasvattajat r.y., Svenska \u00d6sterbottens P\u00e4lsdjursodlarf\u00f6rening r.f., Nylands-Tavastlands P\u00e4lsdjursuppf\u00f6dare rf, Satakunnan Turkisel\u00e4inten Kasvattajat r.y., Savo-Karjalan Turkistarhaajat r.y. samt \u00c5lands P\u00e4lsodlarf\u00f6rening r.f. har ing\u00e5tt del\u00e4garkontrakt den 25.5.1996. Nylands-Tavastlands P\u00e4lsdjursuppf\u00f6dare r.f., som sade upp sitt del\u00e4garkontrakt per den 31.12.2009, har \u00e5ter anslutit sig den 14.11.2008. Enligt del\u00e4garkontraktet skall avtalsparten f\u00f6rst erbjuda Saga<a class=\"excerpt-read-more\" href=\"https:\/\/www.sagafurs.com\/sv\/bolaget\/investerare\/aktier-och-aktieagare\/delagarkontrakt\/\" title=\"L\u00e4sDel\u00e4garkontrakt\">\u2026 L\u00e4s mera &raquo;<\/a><\/p>\n","protected":false},"author":29,"featured_media":0,"parent":2616,"menu_order":0,"comment_status":"closed","ping_status":"closed","template":"templates\/content-page-template.php","meta":{"_acf_changed":false,"footnotes":""},"class_list":["post-8572","page","type-page","status-publish","hentry"],"acf":[],"yoast_head":"<!-- This site is optimized with the Yoast SEO plugin v27.4 - https:\/\/yoast.com\/product\/yoast-seo-wordpress\/ -->\n<title>Del\u00e4garkontrakt - Sagafurs<\/title>\n<meta name=\"robots\" content=\"index, follow, max-snippet:-1, max-image-preview:large, max-video-preview:-1\" \/>\n<link rel=\"canonical\" href=\"https:\/\/www.sagafurs.com\/sv\/bolaget\/investerare\/aktier-och-aktieagare\/delagarkontrakt\/\" \/>\n<meta property=\"og:locale\" content=\"sv_SE\" \/>\n<meta property=\"og:type\" content=\"article\" \/>\n<meta property=\"og:title\" content=\"Del\u00e4garkontrakt - Sagafurs\" \/>\n<meta property=\"og:description\" content=\"Finlands P\u00e4lsdjursuppf\u00f6dares F\u00f6rbund r.f., Pohjois-Suomen Turkisel\u00e4inten Kasvattajat r.y., Svenska \u00d6sterbottens P\u00e4lsdjursodlarf\u00f6rening r.f., Nylands-Tavastlands P\u00e4lsdjursuppf\u00f6dare rf, Satakunnan Turkisel\u00e4inten Kasvattajat r.y., Savo-Karjalan Turkistarhaajat r.y. samt \u00c5lands P\u00e4lsodlarf\u00f6rening r.f. har ing\u00e5tt del\u00e4garkontrakt den 25.5.1996. Nylands-Tavastlands P\u00e4lsdjursuppf\u00f6dare r.f., som sade upp sitt del\u00e4garkontrakt per den 31.12.2009, har \u00e5ter anslutit sig den 14.11.2008. Enligt del\u00e4garkontraktet skall avtalsparten f\u00f6rst erbjuda Saga\u2026 L\u00e4s mera &raquo;\" \/>\n<meta property=\"og:url\" content=\"https:\/\/www.sagafurs.com\/sv\/bolaget\/investerare\/aktier-och-aktieagare\/delagarkontrakt\/\" \/>\n<meta property=\"og:site_name\" content=\"Sagafurs\" \/>\n<meta property=\"article:modified_time\" content=\"2016-11-11T08:29:31+00:00\" \/>\n<meta name=\"twitter:card\" content=\"summary_large_image\" \/>\n<meta name=\"twitter:label1\" content=\"Ber\u00e4knad l\u00e4stid\" \/>\n\t<meta name=\"twitter:data1\" content=\"1 minut\" \/>\n<script type=\"application\/ld+json\" class=\"yoast-schema-graph\">{\"@context\":\"https:\\\/\\\/schema.org\",\"@graph\":[{\"@type\":\"WebPage\",\"@id\":\"https:\\\/\\\/www.sagafurs.com\\\/sv\\\/bolaget\\\/investerare\\\/aktier-och-aktieagare\\\/delagarkontrakt\\\/\",\"url\":\"https:\\\/\\\/www.sagafurs.com\\\/sv\\\/bolaget\\\/investerare\\\/aktier-och-aktieagare\\\/delagarkontrakt\\\/\",\"name\":\"Del\u00e4garkontrakt - Sagafurs\",\"isPartOf\":{\"@id\":\"https:\\\/\\\/www.sagafurs.com\\\/#website\"},\"datePublished\":\"2016-10-20T18:44:48+00:00\",\"dateModified\":\"2016-11-11T08:29:31+00:00\",\"breadcrumb\":{\"@id\":\"https:\\\/\\\/www.sagafurs.com\\\/sv\\\/bolaget\\\/investerare\\\/aktier-och-aktieagare\\\/delagarkontrakt\\\/#breadcrumb\"},\"inLanguage\":\"sv-SE\",\"potentialAction\":[{\"@type\":\"ReadAction\",\"target\":[\"https:\\\/\\\/www.sagafurs.com\\\/sv\\\/bolaget\\\/investerare\\\/aktier-och-aktieagare\\\/delagarkontrakt\\\/\"]}]},{\"@type\":\"BreadcrumbList\",\"@id\":\"https:\\\/\\\/www.sagafurs.com\\\/sv\\\/bolaget\\\/investerare\\\/aktier-och-aktieagare\\\/delagarkontrakt\\\/#breadcrumb\",\"itemListElement\":[{\"@type\":\"ListItem\",\"position\":1,\"name\":\"Home\",\"item\":\"https:\\\/\\\/www.sagafurs.com\\\/sv\\\/\"},{\"@type\":\"ListItem\",\"position\":2,\"name\":\"Bolaget\",\"item\":\"https:\\\/\\\/www.sagafurs.com\\\/sv\\\/bolaget\\\/\"},{\"@type\":\"ListItem\",\"position\":3,\"name\":\"Investerare\",\"item\":\"https:\\\/\\\/www.sagafurs.com\\\/sv\\\/bolaget\\\/investerare\\\/\"},{\"@type\":\"ListItem\",\"position\":4,\"name\":\"Aktier och aktie\u00e4gare\",\"item\":\"https:\\\/\\\/www.sagafurs.com\\\/sv\\\/bolaget\\\/investerare\\\/aktier-och-aktieagare\\\/\"},{\"@type\":\"ListItem\",\"position\":5,\"name\":\"Del\u00e4garkontrakt\"}]},{\"@type\":\"WebSite\",\"@id\":\"https:\\\/\\\/www.sagafurs.com\\\/#website\",\"url\":\"https:\\\/\\\/www.sagafurs.com\\\/\",\"name\":\"Sagafurs\",\"description\":\"Sagafurs\",\"potentialAction\":[{\"@type\":\"SearchAction\",\"target\":{\"@type\":\"EntryPoint\",\"urlTemplate\":\"https:\\\/\\\/www.sagafurs.com\\\/?s={search_term_string}\"},\"query-input\":{\"@type\":\"PropertyValueSpecification\",\"valueRequired\":true,\"valueName\":\"search_term_string\"}}],\"inLanguage\":\"sv-SE\"}]}<\/script>\n<!-- \/ Yoast SEO plugin. -->","yoast_head_json":{"title":"Del\u00e4garkontrakt - Sagafurs","robots":{"index":"index","follow":"follow","max-snippet":"max-snippet:-1","max-image-preview":"max-image-preview:large","max-video-preview":"max-video-preview:-1"},"canonical":"https:\/\/www.sagafurs.com\/sv\/bolaget\/investerare\/aktier-och-aktieagare\/delagarkontrakt\/","og_locale":"sv_SE","og_type":"article","og_title":"Del\u00e4garkontrakt - Sagafurs","og_description":"Finlands P\u00e4lsdjursuppf\u00f6dares F\u00f6rbund r.f., Pohjois-Suomen Turkisel\u00e4inten Kasvattajat r.y., Svenska \u00d6sterbottens P\u00e4lsdjursodlarf\u00f6rening r.f., Nylands-Tavastlands P\u00e4lsdjursuppf\u00f6dare rf, Satakunnan Turkisel\u00e4inten Kasvattajat r.y., Savo-Karjalan Turkistarhaajat r.y. samt \u00c5lands P\u00e4lsodlarf\u00f6rening r.f. har ing\u00e5tt del\u00e4garkontrakt den 25.5.1996. Nylands-Tavastlands P\u00e4lsdjursuppf\u00f6dare r.f., som sade upp sitt del\u00e4garkontrakt per den 31.12.2009, har \u00e5ter anslutit sig den 14.11.2008. Enligt del\u00e4garkontraktet skall avtalsparten f\u00f6rst erbjuda Saga\u2026 L\u00e4s mera &raquo;","og_url":"https:\/\/www.sagafurs.com\/sv\/bolaget\/investerare\/aktier-och-aktieagare\/delagarkontrakt\/","og_site_name":"Sagafurs","article_modified_time":"2016-11-11T08:29:31+00:00","twitter_card":"summary_large_image","twitter_misc":{"Ber\u00e4knad l\u00e4stid":"1 minut"},"schema":{"@context":"https:\/\/schema.org","@graph":[{"@type":"WebPage","@id":"https:\/\/www.sagafurs.com\/sv\/bolaget\/investerare\/aktier-och-aktieagare\/delagarkontrakt\/","url":"https:\/\/www.sagafurs.com\/sv\/bolaget\/investerare\/aktier-och-aktieagare\/delagarkontrakt\/","name":"Del\u00e4garkontrakt - Sagafurs","isPartOf":{"@id":"https:\/\/www.sagafurs.com\/#website"},"datePublished":"2016-10-20T18:44:48+00:00","dateModified":"2016-11-11T08:29:31+00:00","breadcrumb":{"@id":"https:\/\/www.sagafurs.com\/sv\/bolaget\/investerare\/aktier-och-aktieagare\/delagarkontrakt\/#breadcrumb"},"inLanguage":"sv-SE","potentialAction":[{"@type":"ReadAction","target":["https:\/\/www.sagafurs.com\/sv\/bolaget\/investerare\/aktier-och-aktieagare\/delagarkontrakt\/"]}]},{"@type":"BreadcrumbList","@id":"https:\/\/www.sagafurs.com\/sv\/bolaget\/investerare\/aktier-och-aktieagare\/delagarkontrakt\/#breadcrumb","itemListElement":[{"@type":"ListItem","position":1,"name":"Home","item":"https:\/\/www.sagafurs.com\/sv\/"},{"@type":"ListItem","position":2,"name":"Bolaget","item":"https:\/\/www.sagafurs.com\/sv\/bolaget\/"},{"@type":"ListItem","position":3,"name":"Investerare","item":"https:\/\/www.sagafurs.com\/sv\/bolaget\/investerare\/"},{"@type":"ListItem","position":4,"name":"Aktier och aktie\u00e4gare","item":"https:\/\/www.sagafurs.com\/sv\/bolaget\/investerare\/aktier-och-aktieagare\/"},{"@type":"ListItem","position":5,"name":"Del\u00e4garkontrakt"}]},{"@type":"WebSite","@id":"https:\/\/www.sagafurs.com\/#website","url":"https:\/\/www.sagafurs.com\/","name":"Sagafurs","description":"Sagafurs","potentialAction":[{"@type":"SearchAction","target":{"@type":"EntryPoint","urlTemplate":"https:\/\/www.sagafurs.com\/?s={search_term_string}"},"query-input":{"@type":"PropertyValueSpecification","valueRequired":true,"valueName":"search_term_string"}}],"inLanguage":"sv-SE"}]}},"_links":{"self":[{"href":"https:\/\/www.sagafurs.com\/sv\/wp-json\/wp\/v2\/pages\/8572","targetHints":{"allow":["GET"]}}],"collection":[{"href":"https:\/\/www.sagafurs.com\/sv\/wp-json\/wp\/v2\/pages"}],"about":[{"href":"https:\/\/www.sagafurs.com\/sv\/wp-json\/wp\/v2\/types\/page"}],"author":[{"embeddable":true,"href":"https:\/\/www.sagafurs.com\/sv\/wp-json\/wp\/v2\/users\/29"}],"replies":[{"embeddable":true,"href":"https:\/\/www.sagafurs.com\/sv\/wp-json\/wp\/v2\/comments?post=8572"}],"version-history":[{"count":0,"href":"https:\/\/www.sagafurs.com\/sv\/wp-json\/wp\/v2\/pages\/8572\/revisions"}],"up":[{"embeddable":true,"href":"https:\/\/www.sagafurs.com\/sv\/wp-json\/wp\/v2\/pages\/2616"}],"wp:attachment":[{"href":"https:\/\/www.sagafurs.com\/sv\/wp-json\/wp\/v2\/media?parent=8572"}],"curies":[{"name":"wp","href":"https:\/\/api.w.org\/{rel}","templated":true}]}}