{"id":8573,"date":"2016-10-20T19:41:06","date_gmt":"2016-10-20T18:41:06","guid":{"rendered":"https:\/\/www.sagafurs.com\/sv\/bolaget\/investors\/aktier-och-aktieagare\/lunastuslauseke\/"},"modified":"2016-11-09T16:15:37","modified_gmt":"2016-11-09T16:15:37","slug":"inlosningsklausul","status":"publish","type":"page","link":"https:\/\/www.sagafurs.com\/sv\/bolaget\/investerare\/aktier-och-aktieagare\/inlosningsklausul\/","title":{"rendered":"Inl\u00f6sningsklausul"},"content":{"rendered":"<p>Turkistuottajat Oyj:s inl\u00f6sningsklausul enligt bolagsordningen 5\u00a7:<\/p>\n<p>Ifall A- och B-aktier p\u00e5 annat \u00f6verl\u00e5telses\u00e4tt \u00e4n genom arv, testamente eller giftor\u00e4tt \u00f6verl\u00e5tes till en organisation eller person som inte fr\u00e5n tidigare h\u00f6r till bolagets aktie\u00e4gare, b\u00f6r \u00f6verl\u00e5telsemottagaren inom 14 dagar fr\u00e5n \u00f6verl\u00e5telsen anm\u00e4la d\u00e4rom skriftligen till bolagets styrelse, som of\u00f6rdr\u00f6jligen b\u00f6r meddela bolagets aktie\u00e4gare om \u00f6verl\u00e5telsen genom en annons som publiceras i minst tre dagstidningar som utkommer i Helsingfors stad och vilka sprids inom bolagets verksamhetsomr\u00e5de.<\/p>\n<p>Aktie\u00e4garna har r\u00e4tt att inom en m\u00e5nad efter annonsens publicerande inl\u00f6sa aktien till dess g\u00e4ngse v\u00e4rde enligt senast fastslagna bokslut, dock s\u00e5 att \u00e4gare till A-aktier har inl\u00f6sningsr\u00e4tt till A- och B-aktier medan \u00e4gare till B-aktier endast har inl\u00f6sningsr\u00e4tt till B-aktier. Ifall fler \u00e4n en aktie\u00e4gare \u00e4r villig att inl\u00f6sa aktien, avg\u00f6rs inl\u00f6sningsr\u00e4tten genom lottning.<\/p>\n","protected":false},"excerpt":{"rendered":"<p>Turkistuottajat Oyj:s inl\u00f6sningsklausul enligt bolagsordningen 5\u00a7: Ifall A- och B-aktier p\u00e5 annat \u00f6verl\u00e5telses\u00e4tt \u00e4n genom arv, testamente eller giftor\u00e4tt \u00f6verl\u00e5tes till en organisation eller person som inte fr\u00e5n tidigare h\u00f6r till bolagets aktie\u00e4gare, b\u00f6r \u00f6verl\u00e5telsemottagaren inom 14 dagar fr\u00e5n \u00f6verl\u00e5telsen anm\u00e4la d\u00e4rom skriftligen till bolagets styrelse, som of\u00f6rdr\u00f6jligen b\u00f6r meddela bolagets aktie\u00e4gare om \u00f6verl\u00e5telsen genom<a class=\"excerpt-read-more\" href=\"https:\/\/www.sagafurs.com\/sv\/bolaget\/investerare\/aktier-och-aktieagare\/inlosningsklausul\/\" title=\"L\u00e4sInl\u00f6sningsklausul\">\u2026 L\u00e4s mera &raquo;<\/a><\/p>\n","protected":false},"author":29,"featured_media":0,"parent":2616,"menu_order":0,"comment_status":"closed","ping_status":"closed","template":"templates\/content-page-template.php","meta":{"_acf_changed":false,"footnotes":""},"class_list":["post-8573","page","type-page","status-publish","hentry"],"acf":[],"yoast_head":"<!-- This site is optimized with the Yoast SEO plugin v27.3 - https:\/\/yoast.com\/product\/yoast-seo-wordpress\/ -->\n<title>Inl\u00f6sningsklausul - Sagafurs<\/title>\n<meta name=\"robots\" content=\"index, follow, max-snippet:-1, max-image-preview:large, max-video-preview:-1\" \/>\n<link rel=\"canonical\" href=\"https:\/\/www.sagafurs.com\/sv\/bolaget\/investerare\/aktier-och-aktieagare\/inlosningsklausul\/\" \/>\n<meta property=\"og:locale\" content=\"sv_SE\" \/>\n<meta property=\"og:type\" content=\"article\" \/>\n<meta property=\"og:title\" content=\"Inl\u00f6sningsklausul - Sagafurs\" \/>\n<meta property=\"og:description\" content=\"Turkistuottajat Oyj:s inl\u00f6sningsklausul enligt bolagsordningen 5\u00a7: Ifall A- och B-aktier p\u00e5 annat \u00f6verl\u00e5telses\u00e4tt \u00e4n genom arv, testamente eller giftor\u00e4tt \u00f6verl\u00e5tes till en organisation eller person som inte fr\u00e5n tidigare h\u00f6r till bolagets aktie\u00e4gare, b\u00f6r \u00f6verl\u00e5telsemottagaren inom 14 dagar fr\u00e5n \u00f6verl\u00e5telsen anm\u00e4la d\u00e4rom skriftligen till bolagets styrelse, som of\u00f6rdr\u00f6jligen b\u00f6r meddela bolagets aktie\u00e4gare om \u00f6verl\u00e5telsen genom\u2026 L\u00e4s mera &raquo;\" \/>\n<meta property=\"og:url\" content=\"https:\/\/www.sagafurs.com\/sv\/bolaget\/investerare\/aktier-och-aktieagare\/inlosningsklausul\/\" \/>\n<meta property=\"og:site_name\" content=\"Sagafurs\" \/>\n<meta property=\"article:modified_time\" content=\"2016-11-09T16:15:37+00:00\" \/>\n<meta name=\"twitter:card\" content=\"summary_large_image\" \/>\n<meta name=\"twitter:label1\" content=\"Ber\u00e4knad l\u00e4stid\" \/>\n\t<meta name=\"twitter:data1\" content=\"1 minut\" \/>\n<script type=\"application\/ld+json\" class=\"yoast-schema-graph\">{\"@context\":\"https:\\\/\\\/schema.org\",\"@graph\":[{\"@type\":\"WebPage\",\"@id\":\"https:\\\/\\\/www.sagafurs.com\\\/sv\\\/bolaget\\\/investerare\\\/aktier-och-aktieagare\\\/inlosningsklausul\\\/\",\"url\":\"https:\\\/\\\/www.sagafurs.com\\\/sv\\\/bolaget\\\/investerare\\\/aktier-och-aktieagare\\\/inlosningsklausul\\\/\",\"name\":\"Inl\u00f6sningsklausul - Sagafurs\",\"isPartOf\":{\"@id\":\"https:\\\/\\\/www.sagafurs.com\\\/#website\"},\"datePublished\":\"2016-10-20T18:41:06+00:00\",\"dateModified\":\"2016-11-09T16:15:37+00:00\",\"breadcrumb\":{\"@id\":\"https:\\\/\\\/www.sagafurs.com\\\/sv\\\/bolaget\\\/investerare\\\/aktier-och-aktieagare\\\/inlosningsklausul\\\/#breadcrumb\"},\"inLanguage\":\"sv-SE\",\"potentialAction\":[{\"@type\":\"ReadAction\",\"target\":[\"https:\\\/\\\/www.sagafurs.com\\\/sv\\\/bolaget\\\/investerare\\\/aktier-och-aktieagare\\\/inlosningsklausul\\\/\"]}]},{\"@type\":\"BreadcrumbList\",\"@id\":\"https:\\\/\\\/www.sagafurs.com\\\/sv\\\/bolaget\\\/investerare\\\/aktier-och-aktieagare\\\/inlosningsklausul\\\/#breadcrumb\",\"itemListElement\":[{\"@type\":\"ListItem\",\"position\":1,\"name\":\"Home\",\"item\":\"https:\\\/\\\/www.sagafurs.com\\\/sv\\\/\"},{\"@type\":\"ListItem\",\"position\":2,\"name\":\"Bolaget\",\"item\":\"https:\\\/\\\/www.sagafurs.com\\\/sv\\\/bolaget\\\/\"},{\"@type\":\"ListItem\",\"position\":3,\"name\":\"Investerare\",\"item\":\"https:\\\/\\\/www.sagafurs.com\\\/sv\\\/bolaget\\\/investerare\\\/\"},{\"@type\":\"ListItem\",\"position\":4,\"name\":\"Aktier och aktie\u00e4gare\",\"item\":\"https:\\\/\\\/www.sagafurs.com\\\/sv\\\/bolaget\\\/investerare\\\/aktier-och-aktieagare\\\/\"},{\"@type\":\"ListItem\",\"position\":5,\"name\":\"Inl\u00f6sningsklausul\"}]},{\"@type\":\"WebSite\",\"@id\":\"https:\\\/\\\/www.sagafurs.com\\\/#website\",\"url\":\"https:\\\/\\\/www.sagafurs.com\\\/\",\"name\":\"Sagafurs\",\"description\":\"Sagafurs\",\"potentialAction\":[{\"@type\":\"SearchAction\",\"target\":{\"@type\":\"EntryPoint\",\"urlTemplate\":\"https:\\\/\\\/www.sagafurs.com\\\/?s={search_term_string}\"},\"query-input\":{\"@type\":\"PropertyValueSpecification\",\"valueRequired\":true,\"valueName\":\"search_term_string\"}}],\"inLanguage\":\"sv-SE\"}]}<\/script>\n<!-- \/ Yoast SEO plugin. -->","yoast_head_json":{"title":"Inl\u00f6sningsklausul - Sagafurs","robots":{"index":"index","follow":"follow","max-snippet":"max-snippet:-1","max-image-preview":"max-image-preview:large","max-video-preview":"max-video-preview:-1"},"canonical":"https:\/\/www.sagafurs.com\/sv\/bolaget\/investerare\/aktier-och-aktieagare\/inlosningsklausul\/","og_locale":"sv_SE","og_type":"article","og_title":"Inl\u00f6sningsklausul - Sagafurs","og_description":"Turkistuottajat Oyj:s inl\u00f6sningsklausul enligt bolagsordningen 5\u00a7: Ifall A- och B-aktier p\u00e5 annat \u00f6verl\u00e5telses\u00e4tt \u00e4n genom arv, testamente eller giftor\u00e4tt \u00f6verl\u00e5tes till en organisation eller person som inte fr\u00e5n tidigare h\u00f6r till bolagets aktie\u00e4gare, b\u00f6r \u00f6verl\u00e5telsemottagaren inom 14 dagar fr\u00e5n \u00f6verl\u00e5telsen anm\u00e4la d\u00e4rom skriftligen till bolagets styrelse, som of\u00f6rdr\u00f6jligen b\u00f6r meddela bolagets aktie\u00e4gare om \u00f6verl\u00e5telsen genom\u2026 L\u00e4s mera &raquo;","og_url":"https:\/\/www.sagafurs.com\/sv\/bolaget\/investerare\/aktier-och-aktieagare\/inlosningsklausul\/","og_site_name":"Sagafurs","article_modified_time":"2016-11-09T16:15:37+00:00","twitter_card":"summary_large_image","twitter_misc":{"Ber\u00e4knad l\u00e4stid":"1 minut"},"schema":{"@context":"https:\/\/schema.org","@graph":[{"@type":"WebPage","@id":"https:\/\/www.sagafurs.com\/sv\/bolaget\/investerare\/aktier-och-aktieagare\/inlosningsklausul\/","url":"https:\/\/www.sagafurs.com\/sv\/bolaget\/investerare\/aktier-och-aktieagare\/inlosningsklausul\/","name":"Inl\u00f6sningsklausul - Sagafurs","isPartOf":{"@id":"https:\/\/www.sagafurs.com\/#website"},"datePublished":"2016-10-20T18:41:06+00:00","dateModified":"2016-11-09T16:15:37+00:00","breadcrumb":{"@id":"https:\/\/www.sagafurs.com\/sv\/bolaget\/investerare\/aktier-och-aktieagare\/inlosningsklausul\/#breadcrumb"},"inLanguage":"sv-SE","potentialAction":[{"@type":"ReadAction","target":["https:\/\/www.sagafurs.com\/sv\/bolaget\/investerare\/aktier-och-aktieagare\/inlosningsklausul\/"]}]},{"@type":"BreadcrumbList","@id":"https:\/\/www.sagafurs.com\/sv\/bolaget\/investerare\/aktier-och-aktieagare\/inlosningsklausul\/#breadcrumb","itemListElement":[{"@type":"ListItem","position":1,"name":"Home","item":"https:\/\/www.sagafurs.com\/sv\/"},{"@type":"ListItem","position":2,"name":"Bolaget","item":"https:\/\/www.sagafurs.com\/sv\/bolaget\/"},{"@type":"ListItem","position":3,"name":"Investerare","item":"https:\/\/www.sagafurs.com\/sv\/bolaget\/investerare\/"},{"@type":"ListItem","position":4,"name":"Aktier och aktie\u00e4gare","item":"https:\/\/www.sagafurs.com\/sv\/bolaget\/investerare\/aktier-och-aktieagare\/"},{"@type":"ListItem","position":5,"name":"Inl\u00f6sningsklausul"}]},{"@type":"WebSite","@id":"https:\/\/www.sagafurs.com\/#website","url":"https:\/\/www.sagafurs.com\/","name":"Sagafurs","description":"Sagafurs","potentialAction":[{"@type":"SearchAction","target":{"@type":"EntryPoint","urlTemplate":"https:\/\/www.sagafurs.com\/?s={search_term_string}"},"query-input":{"@type":"PropertyValueSpecification","valueRequired":true,"valueName":"search_term_string"}}],"inLanguage":"sv-SE"}]}},"_links":{"self":[{"href":"https:\/\/www.sagafurs.com\/sv\/wp-json\/wp\/v2\/pages\/8573","targetHints":{"allow":["GET"]}}],"collection":[{"href":"https:\/\/www.sagafurs.com\/sv\/wp-json\/wp\/v2\/pages"}],"about":[{"href":"https:\/\/www.sagafurs.com\/sv\/wp-json\/wp\/v2\/types\/page"}],"author":[{"embeddable":true,"href":"https:\/\/www.sagafurs.com\/sv\/wp-json\/wp\/v2\/users\/29"}],"replies":[{"embeddable":true,"href":"https:\/\/www.sagafurs.com\/sv\/wp-json\/wp\/v2\/comments?post=8573"}],"version-history":[{"count":0,"href":"https:\/\/www.sagafurs.com\/sv\/wp-json\/wp\/v2\/pages\/8573\/revisions"}],"up":[{"embeddable":true,"href":"https:\/\/www.sagafurs.com\/sv\/wp-json\/wp\/v2\/pages\/2616"}],"wp:attachment":[{"href":"https:\/\/www.sagafurs.com\/sv\/wp-json\/wp\/v2\/media?parent=8573"}],"curies":[{"name":"wp","href":"https:\/\/api.w.org\/{rel}","templated":true}]}}