{"id":9139,"date":"2016-10-20T13:43:10","date_gmt":"2016-10-20T10:43:10","guid":{"rendered":"https:\/\/www.sagafurs.com\/sv\/bolaget\/bolagets-forvaltning\/palkka-ja-palkkioselvitys\/"},"modified":"2026-02-16T09:40:05","modified_gmt":"2026-02-16T07:40:05","slug":"ersattningsrapport","status":"publish","type":"page","link":"https:\/\/www.sagafurs.com\/sv\/bolaget\/bolagets-forvaltning\/ersattningsrapport\/","title":{"rendered":"Ers\u00e4ttningsrapporter"},"content":{"rendered":"<p>I Saga Furs Oyj:s ers\u00e4ttningsrapport behandlas ers\u00e4ttningen till styrelsemedlemmarna och verkst\u00e4llande direkt\u00f6ren samt till\u00e4mpningen av institutionernas ers\u00e4ttningspolitik. Publicerade rapporter visas nedan som PDF-filer.<\/p>\n<p><a href=\"https:\/\/www.sagafurs.com\/wp-content\/uploads\/2026\/02\/Saga-Furs-Ersattningsrapport-2024-2025.pdf\">Ers\u00e4ttningsrapport 2024\/2025<\/a><br \/>\n<a href=\"https:\/\/www.sagafurs.com\/wp-content\/uploads\/2025\/02\/Ersattningsrapport-2023-2024.pdf\">Ers\u00e4ttningsrapport 2023\/2024\u00a0 \u00a0 \u00a0 \u00a0 \u00a0 \u00a0 \u00a0 \u00a0 \u00a0 \u00a0 \u00a0 \u00a0 \u00a0 \u00a0 \u00a0 \u00a0 \u00a0 \u00a0 \u00a0 \u00a0 \u00a0 \u00a0 \u00a0 \u00a0 \u00a0 \u00a0 \u00a0 \u00a0 \u00a0 \u00a0 \u00a0 \u00a0 \u00a0 \u00a0 \u00a0 \u00a0 \u00a0 \u00a0 \u00a0 \u00a0 \u00a0 \u00a0 \u00a0 \u00a0 <\/a><br \/>\n<a href=\"https:\/\/www.sagafurs.com\/wp-content\/uploads\/2024\/02\/Saga-Furs-ersattningsrapport-2022-2023.pdf\">Ers\u00e4ttningsrapport 2022\/2023<\/a><br \/>\n<a href=\"http:\/\/www.sagafurs.com\/wp-content\/uploads\/2023\/02\/Saga-Furs-ersattningsrapport-2021-2022.pdf\">Ers\u00e4ttningsrapport 2021\/2022<\/a><br \/>\n<a href=\"http:\/\/www.sagafurs.com\/wp-content\/uploads\/2023\/02\/Saga-Furs-Ersattningsrapport-2020-2021.pdf\">Ers\u00e4ttningsrapport 2020\/2021<\/a><br \/>\n<a href=\"http:\/\/www.sagafurs.com\/wp-content\/uploads\/2023\/02\/Ersattningsrapport-2019-2020.pdf\">Ers\u00e4ttningsrapport 2019\/2020<\/a><br \/>\n<a href=\"http:\/\/www.sagafurs.com\/wp-content\/uploads\/2023\/02\/Ersattningsforklaring-2018-2019.pdf\">Ers\u00e4ttningsrapport 2018\/2019<\/a><br \/>\n<a href=\"https:\/\/www.sagafurs.com\/wp-content\/uploads\/2023\/11\/Saga-Furs-Ersattningsforklaring-2017.pdf\">Ers\u00e4ttningsrapport 2017<\/a><br \/>\n<a href=\"https:\/\/www.sagafurs.com\/wp-content\/uploads\/2023\/12\/Saga-Furs-Ersattningsforklaring-2016.pdf\">Ers\u00e4ttningsrapport 2016<\/a><\/p>\n<p><strong>Arvoden<\/strong><\/p>\n<p>Ers\u00e4ttningen inom Saga Furs \u00e4r ansvarsfull, planm\u00e4ssig, tillr\u00e4ckligt konkurrenskraftig och konsekvent. Utvecklingen av ers\u00e4ttningen baseras f\u00f6r hela personalen p\u00e5 principerna f\u00f6r aff\u00e4rsinriktad, prestationsbaserad, konkurrenskraftig och \u00f6ppen verksamhet. L\u00e4s mer: <a href=\"https:\/\/www.sagafurs.com\/wp-content\/uploads\/2024\/02\/Saga-Furs-Ersattningspolicy-2022.pdf\">Saga Furs Ersattningspolicy 2022<\/a><\/p>\n<p>F\u00f6rra \u00e5rets ers\u00e4ttning beskrivs n\u00e4rmare i Saga Furs Ers\u00e4ttningsrapport 2022\/2023. Rapporten presenterar principerna som styr ers\u00e4ttningen och ers\u00e4ttningen som betalas till styrelseledam\u00f6terna, verkst\u00e4llande direkt\u00f6ren och verkst\u00e4llande direkt\u00f6rens suppleant under r\u00e4kenskapsperioden.<\/p>\n<p><strong>Styrelsens ers\u00e4ttning<\/strong><\/p>\n<p>Till styrelseledam\u00f6terna betalas f\u00f6r mandatperioden f\u00f6ljande m\u00e5nadsarvoden:<\/p>\n<ul>\n<li>styrelseordf\u00f6rande 2 800 euro i m\u00e5naden,<\/li>\n<li>styrelsens viceordf\u00f6rande 1 400 euro i m\u00e5naden,<\/li>\n<li>\u00f6vriga styrelseledam\u00f6ter 750 euro i m\u00e5naden.<\/li>\n<\/ul>\n<p>F\u00f6rutom m\u00e5nadsarvodena betalas i m\u00f6tesarvode f\u00f6r deltagande i styrelsem\u00f6tena 200 euro\/m\u00f6te om m\u00f6tet r\u00e4cker mindre \u00e4n 2 timmar och 350 euro\/m\u00f6te ifall m\u00f6tet r\u00e4cker mer \u00e4n 2 timmar.<\/p>\n<p>Ifall styrelsens ordf\u00f6rande, viceordf\u00f6rande, bolagets verkst\u00e4llande direkt\u00f6r eller ledande tj\u00e4nsteman kallar en f\u00f6rtroendevald person att sk\u00f6ta en viss uppgift, betalas till den f\u00f6rtroendevalda 250 euro i kompensation f\u00f6r f\u00f6rlorad arbetstid, under f\u00f6ruts\u00e4ttning att det f\u00f6r uppgiften i fr\u00e5ga inte erl\u00e4ggs m\u00f6tesarvode. Person som st\u00e5r i arbetsf\u00f6rh\u00e5llande med antingen Saga Furs Oyj eller Finlands P\u00e4lsdjursuppf\u00f6dares F\u00f6rbund r.f. erh\u00e5ller inte m\u00e5nadsarvode och inte heller m\u00f6tesarvode f\u00f6r m\u00f6ten som h\u00e5lls under tj\u00e4nstetid. F\u00f6r de betalade arvodena betalas ArPL-pensionsf\u00f6rs\u00e4kringsavgifter. Till styrelseledam\u00f6terna betalas ers\u00e4ttning f\u00f6r resekostnader samt dagpenning i enlighet med av skattestyrelsen fastslagna skattefria ers\u00e4ttningssummor, och till styrelseordf\u00f6rande och viceordf\u00f6rande betalas ers\u00e4ttning f\u00f6r till tj\u00e4nsten h\u00f6rande telefon- och postkostnader. M\u00f6tesarvoden och ers\u00e4ttning f\u00f6r f\u00f6rlorad arbetstid betalas inte f\u00f6r resetid. Styrelseledam\u00f6terna omfattas inte av n\u00e5got p\u00e5 aktier eller aktiebaserade r\u00e4ttigheter baserat ers\u00e4ttningssystem.<\/p>\n<p>Ers\u00e4ttnings- och nomineringskommitt\u00e9ernas styrelseledam\u00f6ter erh\u00e5ller samma m\u00f6tesarvode som styrelseledam\u00f6terna.<\/p>\n<p><strong>Verkst\u00e4llande direkt\u00f6rens ers\u00e4ttning <\/strong><\/p>\n<p>Till bolagets verkst\u00e4llande direkt\u00f6r, verkst\u00e4llande direkt\u00f6rens suppleant och ledningsgruppens \u00f6vriga medlemmar kan man enligt bolagets bonussystem betala vinst- och l\u00f6nebonus motsvarande 0\u20133 m\u00e5naders l\u00f6n som baserar sig p\u00e5 koncernens avkastning p\u00e5 eget kapital, kostnadseffektiviteten och uppfyllandet av styrelsens m\u00e5l. Bonussystemet baseras p\u00e5 kortsiktiga prestationer och resultat och tj\u00e4nas in under bolagets r\u00e4kenskapsperiod, men dess m\u00e5l har fastst\u00e4llts s\u00e5 att deras uppfyllnad fr\u00e4mjar bolagets konkurrenskraft p\u00e5 l\u00e5ng sikt. L\u00f6ner och arvoden har inga andra r\u00f6rliga delar.<\/p>\n<p>Bolagets verkst\u00e4llande direkt\u00f6r och \u00f6vriga ledning omfattas inte av n\u00e5got p\u00e5 aktier eller aktiebaserade r\u00e4ttigheter baserat ers\u00e4ttningssystem.<\/p>\n<p>Verkst\u00e4llande direkt\u00f6r Markus Gotthardts fasta l\u00f6nebelopp \u00e4r 192 000 euro per \u00e5r fr\u00e5n och med 1.11.2023 (inklusive g\u00e4ngse anst\u00e4llningsf\u00f6rm\u00e5ner, s\u00e5som bilf\u00f6rm\u00e5n och mobiltelefonf\u00f6rm\u00e5n, enligt lokal lagstiftning och marknadspraxis). Under r\u00e4kenskapsperioden 2022\/2023 betalades till verkst\u00e4llande direkt\u00f6ren en r\u00f6rlig l\u00f6neandel p\u00e5 5 303 euro, som i sin helhet baseras p\u00e5 bolagets bonussystem. Verkst\u00e4llande direkt\u00f6rens pensionsarrangemang best\u00e5r av ett avgiftsbaserat pensionsarrangemang, vars avgifter var 13 980 euro under r\u00e4kenskapsperiodens 2022\/2023.<\/p>\n<p>Det sammanlagda v\u00e4rdet av verkst\u00e4llande direkt\u00f6rens suppleants l\u00f6n, arvoden och naturaf\u00f6rm\u00e5ner var under r\u00e4kenskapsperioden 2022\/2023 198 600 euro. Verkst\u00e4llande direkt\u00f6rens suppleants pensionsarrangemang best\u00e5r av en f\u00f6rm\u00e5nsbaserad till\u00e4ggspensionsf\u00f6rs\u00e4kring, vars avgifter f\u00f6r r\u00e4kenskapsperioden var 250 215 euro.<\/p>\n<p><strong>Den \u00f6vriga ledningens ers\u00e4ttning<\/strong><\/p>\n<table>\n<tbody>\n<tr>\n<td width=\"132\"><\/td>\n<td width=\"94\"><strong>2018\/2019<\/strong><\/td>\n<td width=\"85\"><strong>2019\/2020<\/strong><\/td>\n<td width=\"85\"><strong>2020\/2021<\/strong><\/td>\n<td width=\"85\"><strong>2021\/2022<\/strong><\/td>\n<td width=\"76\"><strong>2022\/2023<\/strong><\/td>\n<\/tr>\n<tr>\n<td width=\"132\">\u00d6vriga ledningsgruppens ers\u00e4ttning, inkl. l\u00f6ner, arvoden och naturaf\u00f6rm\u00e5ner)<br \/>\n(exkl. VD och VD:s suppleant)<\/td>\n<td width=\"94\">746 014<\/p>\n<p>&nbsp;<\/td>\n<td width=\"85\">848 073<\/p>\n<p>&nbsp;<\/td>\n<td width=\"85\">534 659<\/p>\n<p>&nbsp;<\/td>\n<td width=\"85\">633 149<\/p>\n<p>&nbsp;<\/td>\n<td width=\"76\">767 720<\/p>\n<p>&nbsp;<\/td>\n<\/tr>\n<\/tbody>\n<\/table>\n<p>\u00d6vriga medlemmar i bolagets ledningsgrupp har en premiebaserad till\u00e4ggspension. Dess premier utgjorde under r\u00e4kenskapsperioden 36 628 euro.<\/p>\n<p>Verkst\u00e4llande direkt\u00f6rens upps\u00e4gningstid \u00e4r 6 m\u00e5nader. Avg\u00e5ngsvederlaget \u00e4r 6 m\u00e5naders l\u00f6n, om upps\u00e4garen \u00e4r bolaget.<\/p>\n<p>Den \u00f6vriga ledningens upps\u00e4gningstid \u00e4r 6 m\u00e5nader i enlighet med bolagets riktlinjer. Ledningsgruppens medlemmar har r\u00e4tt till avg\u00e5ngsers\u00e4ttning, som motsvarar h\u00f6gst 6 m\u00e5naders l\u00f6n och 6 m\u00e5naders avg\u00e5ngsvederlag. Verkst\u00e4llande direkt\u00f6rens suppleants avg\u00e5ngsers\u00e4ttning motsvarar h\u00f6gst 3 m\u00e5naders l\u00f6n och 6 m\u00e5naders avg\u00e5ngsvederlag.<\/p>\n","protected":false},"excerpt":{"rendered":"<p>I Saga Furs Oyj:s ers\u00e4ttningsrapport behandlas ers\u00e4ttningen till styrelsemedlemmarna och verkst\u00e4llande direkt\u00f6ren samt till\u00e4mpningen av institutionernas ers\u00e4ttningspolitik. Publicerade rapporter visas nedan som PDF-filer. Ers\u00e4ttningsrapport 2024\/2025 Ers\u00e4ttningsrapport 2023\/2024\u00a0 \u00a0 \u00a0 \u00a0 \u00a0 \u00a0 \u00a0 \u00a0 \u00a0 \u00a0 \u00a0 \u00a0 \u00a0 \u00a0 \u00a0 \u00a0 \u00a0 \u00a0 \u00a0 \u00a0 \u00a0 \u00a0 \u00a0 \u00a0 \u00a0 \u00a0 \u00a0 \u00a0 \u00a0<a class=\"excerpt-read-more\" href=\"https:\/\/www.sagafurs.com\/sv\/bolaget\/bolagets-forvaltning\/ersattningsrapport\/\" title=\"L\u00e4sErs\u00e4ttningsrapporter\">\u2026 L\u00e4s mera &raquo;<\/a><\/p>\n","protected":false},"author":29,"featured_media":0,"parent":2618,"menu_order":0,"comment_status":"closed","ping_status":"closed","template":"templates\/content-page-template.php","meta":{"_acf_changed":false,"footnotes":""},"class_list":["post-9139","page","type-page","status-publish","hentry"],"acf":[],"yoast_head":"<!-- This site is optimized with the Yoast SEO plugin v27.3 - https:\/\/yoast.com\/product\/yoast-seo-wordpress\/ -->\n<title>Ers\u00e4ttningsrapporter - Sagafurs<\/title>\n<meta name=\"robots\" content=\"index, follow, max-snippet:-1, max-image-preview:large, max-video-preview:-1\" \/>\n<link rel=\"canonical\" href=\"https:\/\/www.sagafurs.com\/sv\/bolaget\/bolagets-forvaltning\/ersattningsrapport\/\" \/>\n<meta property=\"og:locale\" content=\"sv_SE\" \/>\n<meta property=\"og:type\" content=\"article\" \/>\n<meta property=\"og:title\" content=\"Ers\u00e4ttningsrapporter - Sagafurs\" \/>\n<meta property=\"og:description\" content=\"I Saga Furs Oyj:s ers\u00e4ttningsrapport behandlas ers\u00e4ttningen till styrelsemedlemmarna och verkst\u00e4llande direkt\u00f6ren samt till\u00e4mpningen av institutionernas ers\u00e4ttningspolitik. Publicerade rapporter visas nedan som PDF-filer. Ers\u00e4ttningsrapport 2024\/2025 Ers\u00e4ttningsrapport 2023\/2024\u00a0 \u00a0 \u00a0 \u00a0 \u00a0 \u00a0 \u00a0 \u00a0 \u00a0 \u00a0 \u00a0 \u00a0 \u00a0 \u00a0 \u00a0 \u00a0 \u00a0 \u00a0 \u00a0 \u00a0 \u00a0 \u00a0 \u00a0 \u00a0 \u00a0 \u00a0 \u00a0 \u00a0 \u00a0\u2026 L\u00e4s mera &raquo;\" \/>\n<meta property=\"og:url\" content=\"https:\/\/www.sagafurs.com\/sv\/bolaget\/bolagets-forvaltning\/ersattningsrapport\/\" \/>\n<meta property=\"og:site_name\" content=\"Sagafurs\" \/>\n<meta property=\"article:modified_time\" content=\"2026-02-16T07:40:05+00:00\" \/>\n<meta name=\"twitter:card\" content=\"summary_large_image\" \/>\n<meta name=\"twitter:label1\" content=\"Ber\u00e4knad l\u00e4stid\" \/>\n\t<meta name=\"twitter:data1\" content=\"3 minuter\" \/>\n<script type=\"application\/ld+json\" class=\"yoast-schema-graph\">{\"@context\":\"https:\\\/\\\/schema.org\",\"@graph\":[{\"@type\":\"WebPage\",\"@id\":\"https:\\\/\\\/www.sagafurs.com\\\/sv\\\/bolaget\\\/bolagets-forvaltning\\\/ersattningsrapport\\\/\",\"url\":\"https:\\\/\\\/www.sagafurs.com\\\/sv\\\/bolaget\\\/bolagets-forvaltning\\\/ersattningsrapport\\\/\",\"name\":\"Ers\u00e4ttningsrapporter - Sagafurs\",\"isPartOf\":{\"@id\":\"https:\\\/\\\/www.sagafurs.com\\\/#website\"},\"datePublished\":\"2016-10-20T10:43:10+00:00\",\"dateModified\":\"2026-02-16T07:40:05+00:00\",\"breadcrumb\":{\"@id\":\"https:\\\/\\\/www.sagafurs.com\\\/sv\\\/bolaget\\\/bolagets-forvaltning\\\/ersattningsrapport\\\/#breadcrumb\"},\"inLanguage\":\"sv-SE\",\"potentialAction\":[{\"@type\":\"ReadAction\",\"target\":[\"https:\\\/\\\/www.sagafurs.com\\\/sv\\\/bolaget\\\/bolagets-forvaltning\\\/ersattningsrapport\\\/\"]}]},{\"@type\":\"BreadcrumbList\",\"@id\":\"https:\\\/\\\/www.sagafurs.com\\\/sv\\\/bolaget\\\/bolagets-forvaltning\\\/ersattningsrapport\\\/#breadcrumb\",\"itemListElement\":[{\"@type\":\"ListItem\",\"position\":1,\"name\":\"Home\",\"item\":\"https:\\\/\\\/www.sagafurs.com\\\/sv\\\/\"},{\"@type\":\"ListItem\",\"position\":2,\"name\":\"Bolaget\",\"item\":\"https:\\\/\\\/www.sagafurs.com\\\/sv\\\/bolaget\\\/\"},{\"@type\":\"ListItem\",\"position\":3,\"name\":\"Bolagets f\u00f6rvaltning\",\"item\":\"https:\\\/\\\/www.sagafurs.com\\\/sv\\\/bolaget\\\/bolagets-forvaltning\\\/\"},{\"@type\":\"ListItem\",\"position\":4,\"name\":\"Ers\u00e4ttningsrapporter\"}]},{\"@type\":\"WebSite\",\"@id\":\"https:\\\/\\\/www.sagafurs.com\\\/#website\",\"url\":\"https:\\\/\\\/www.sagafurs.com\\\/\",\"name\":\"Sagafurs\",\"description\":\"Sagafurs\",\"potentialAction\":[{\"@type\":\"SearchAction\",\"target\":{\"@type\":\"EntryPoint\",\"urlTemplate\":\"https:\\\/\\\/www.sagafurs.com\\\/?s={search_term_string}\"},\"query-input\":{\"@type\":\"PropertyValueSpecification\",\"valueRequired\":true,\"valueName\":\"search_term_string\"}}],\"inLanguage\":\"sv-SE\"}]}<\/script>\n<!-- \/ Yoast SEO plugin. -->","yoast_head_json":{"title":"Ers\u00e4ttningsrapporter - Sagafurs","robots":{"index":"index","follow":"follow","max-snippet":"max-snippet:-1","max-image-preview":"max-image-preview:large","max-video-preview":"max-video-preview:-1"},"canonical":"https:\/\/www.sagafurs.com\/sv\/bolaget\/bolagets-forvaltning\/ersattningsrapport\/","og_locale":"sv_SE","og_type":"article","og_title":"Ers\u00e4ttningsrapporter - Sagafurs","og_description":"I Saga Furs Oyj:s ers\u00e4ttningsrapport behandlas ers\u00e4ttningen till styrelsemedlemmarna och verkst\u00e4llande direkt\u00f6ren samt till\u00e4mpningen av institutionernas ers\u00e4ttningspolitik. Publicerade rapporter visas nedan som PDF-filer. Ers\u00e4ttningsrapport 2024\/2025 Ers\u00e4ttningsrapport 2023\/2024\u00a0 \u00a0 \u00a0 \u00a0 \u00a0 \u00a0 \u00a0 \u00a0 \u00a0 \u00a0 \u00a0 \u00a0 \u00a0 \u00a0 \u00a0 \u00a0 \u00a0 \u00a0 \u00a0 \u00a0 \u00a0 \u00a0 \u00a0 \u00a0 \u00a0 \u00a0 \u00a0 \u00a0 \u00a0\u2026 L\u00e4s mera &raquo;","og_url":"https:\/\/www.sagafurs.com\/sv\/bolaget\/bolagets-forvaltning\/ersattningsrapport\/","og_site_name":"Sagafurs","article_modified_time":"2026-02-16T07:40:05+00:00","twitter_card":"summary_large_image","twitter_misc":{"Ber\u00e4knad l\u00e4stid":"3 minuter"},"schema":{"@context":"https:\/\/schema.org","@graph":[{"@type":"WebPage","@id":"https:\/\/www.sagafurs.com\/sv\/bolaget\/bolagets-forvaltning\/ersattningsrapport\/","url":"https:\/\/www.sagafurs.com\/sv\/bolaget\/bolagets-forvaltning\/ersattningsrapport\/","name":"Ers\u00e4ttningsrapporter - Sagafurs","isPartOf":{"@id":"https:\/\/www.sagafurs.com\/#website"},"datePublished":"2016-10-20T10:43:10+00:00","dateModified":"2026-02-16T07:40:05+00:00","breadcrumb":{"@id":"https:\/\/www.sagafurs.com\/sv\/bolaget\/bolagets-forvaltning\/ersattningsrapport\/#breadcrumb"},"inLanguage":"sv-SE","potentialAction":[{"@type":"ReadAction","target":["https:\/\/www.sagafurs.com\/sv\/bolaget\/bolagets-forvaltning\/ersattningsrapport\/"]}]},{"@type":"BreadcrumbList","@id":"https:\/\/www.sagafurs.com\/sv\/bolaget\/bolagets-forvaltning\/ersattningsrapport\/#breadcrumb","itemListElement":[{"@type":"ListItem","position":1,"name":"Home","item":"https:\/\/www.sagafurs.com\/sv\/"},{"@type":"ListItem","position":2,"name":"Bolaget","item":"https:\/\/www.sagafurs.com\/sv\/bolaget\/"},{"@type":"ListItem","position":3,"name":"Bolagets f\u00f6rvaltning","item":"https:\/\/www.sagafurs.com\/sv\/bolaget\/bolagets-forvaltning\/"},{"@type":"ListItem","position":4,"name":"Ers\u00e4ttningsrapporter"}]},{"@type":"WebSite","@id":"https:\/\/www.sagafurs.com\/#website","url":"https:\/\/www.sagafurs.com\/","name":"Sagafurs","description":"Sagafurs","potentialAction":[{"@type":"SearchAction","target":{"@type":"EntryPoint","urlTemplate":"https:\/\/www.sagafurs.com\/?s={search_term_string}"},"query-input":{"@type":"PropertyValueSpecification","valueRequired":true,"valueName":"search_term_string"}}],"inLanguage":"sv-SE"}]}},"_links":{"self":[{"href":"https:\/\/www.sagafurs.com\/sv\/wp-json\/wp\/v2\/pages\/9139","targetHints":{"allow":["GET"]}}],"collection":[{"href":"https:\/\/www.sagafurs.com\/sv\/wp-json\/wp\/v2\/pages"}],"about":[{"href":"https:\/\/www.sagafurs.com\/sv\/wp-json\/wp\/v2\/types\/page"}],"author":[{"embeddable":true,"href":"https:\/\/www.sagafurs.com\/sv\/wp-json\/wp\/v2\/users\/29"}],"replies":[{"embeddable":true,"href":"https:\/\/www.sagafurs.com\/sv\/wp-json\/wp\/v2\/comments?post=9139"}],"version-history":[{"count":0,"href":"https:\/\/www.sagafurs.com\/sv\/wp-json\/wp\/v2\/pages\/9139\/revisions"}],"up":[{"embeddable":true,"href":"https:\/\/www.sagafurs.com\/sv\/wp-json\/wp\/v2\/pages\/2618"}],"wp:attachment":[{"href":"https:\/\/www.sagafurs.com\/sv\/wp-json\/wp\/v2\/media?parent=9139"}],"curies":[{"name":"wp","href":"https:\/\/api.w.org\/{rel}","templated":true}]}}