{"id":9360,"date":"2016-10-20T13:44:07","date_gmt":"2016-10-20T12:44:07","guid":{"rendered":"https:\/\/www.sagafurs.com\/sv\/bolaget\/bolagets-forvaltning\/sisainen-valvonta-ja-riskienhallinta\/"},"modified":"2025-06-06T09:43:54","modified_gmt":"2025-06-06T06:43:54","slug":"intern-kontroll-och-riskhantering","status":"publish","type":"page","link":"https:\/\/www.sagafurs.com\/sv\/bolaget\/bolagets-forvaltning\/intern-kontroll-och-riskhantering\/","title":{"rendered":"Intern kontroll och riskhantering"},"content":{"rendered":"<p>De risker som p\u00e5verkar Saga Furs Oyj:s verksamhet klassificeras som aff\u00e4rsverksamhetsrisker, olycks- och egendomsrisker, finansieringsrisker samt operativa risker. Inom dessa riskkategorier har bolaget definierat de f\u00f6r tillf\u00e4llet mest betydande riskerna och os\u00e4kerhetsfaktorerna enligt f\u00f6ljande: Konjunktur- och valutakursv\u00e4xlingar, image- och politiska risker relaterade till p\u00e4lsdjursuppf\u00f6dning och handeln med p\u00e4lsskinn, f\u00f6r\u00e4ndringar i produktionen p\u00e4lsskinn samt finansieringsrisker.<\/p>\n<p>Bolaget str\u00e4var att beh\u00e4rska och begr\u00e4nsa riskerna via ett konsekvent tillv\u00e4gag\u00e5ngss\u00e4tt, vars m\u00e5ls\u00e4ttning \u00e4r att garantera en hela koncernen omfattande och \u00e4ndam\u00e5lsenlig riskidentifiering, -bed\u00f6mning, -hantering samt -kontroll. Det utg\u00f6r en naturlig del av koncernens planerings- och ledningsprocess, beslutsfattande, dagliga ledning och verksamhet samt \u00f6vervaknings- och rapporteringsf\u00f6rfarande. Riskhanteringsprocessen producerar information om riskerna samt om hur riskhanterings\u00e5tg\u00e4rderna framskrider. P\u00e5 basen av denna vidtas vid behov korrigerande \u00e5tg\u00e4rder alternativt \u00f6verv\u00e4gs \u00e4ndringar i strategin.<\/p>\n<p>Ifall riskerna \u00e4nd\u00e5 f\u00f6rverkligas kan de medf\u00f6ra avsev\u00e4rd skada p\u00e5 Saga Furs Oyj:s aff\u00e4rsverksamhet och ekonomiska situation samt f\u00f6rs\u00e4mra bolagets resultat.<\/p>\n<p>P\u00e5 grund av sin ringa storlek har bolaget inte n\u00e5gon skild intern granskningsorganisation. Styrelsen bekantar sig med revisorernas revisionsplan och ber i samband med detta eventuellt revisorerna g\u00f6ra ytterligare utredningar. I samband med revisionen analyserar revisorerna bolagets bokslut och koncernbokslut, del\u00e5rsrapporter p\u00e5 koncernniv\u00e5 samt bolagets utest\u00e5ende fordringar i str\u00e4van att f\u00f6rs\u00e4kra sig om, att de rapporter som bolaget publicerar ger v\u00e4sentligt korrekt information om bolagets ekonomiska st\u00e4llning. I samband med revisionen l\u00e4gger revisorerna \u00e4ven fram och har lagt fram metoder f\u00f6r att utveckla och f\u00f6rb\u00e4ttra bolagets interna kontroll. P\u00e5 basen av dessa har styrelsen f\u00f6rutsatt och f\u00f6ruts\u00e4tter att bolagets ledning utvecklar bolagets operativa processer och kontroller.<\/p>\n<h3>Insiderf\u00f6rvaltning<\/h3>\n<p>Saga Furs Oyj:s styrelse har fastslagit bolagets insiderregler den 28.6.2016 och de tr\u00e4dde i kraft den 3.7.2016. Insiderreglerna \u00e4r baserade p\u00e5 f\u00f6rordningen om marknadsmissbruk (EU nr 596\/2014, \u201dMAR\u201d) och p\u00e5 basen av denna givna lagar och f\u00f6rordningar, samt Nasdaq Helsinki Oy:s regler och insiderdirektiv, som Saga Furs som b\u00f6rsnoterat bolag \u00e4r skyldigt att f\u00f6lja. Saga Furs f\u00f6ljer MAR:s best\u00e4mmelser om bland annat insiderprojekt, tekniska f\u00f6rfaranden f\u00f6r offentligg\u00f6rande och uppskjutande av offentligg\u00f6rande av insiderinformation, form och modell f\u00f6r anm\u00e4lan och offentligg\u00f6rande av transaktioner utf\u00f6rda av personer i ledande st\u00e4llning samt form och uppdateringsmetod f\u00f6r insiderf\u00f6rteckningar.<\/p>\n<p>Saga Furs har definierat, att de personer i ledande st\u00e4llning som enligt MAR \u00e4r skyldiga att anm\u00e4la transaktioner med f\u00f6retagets finansiella instrument, utg\u00f6rs f\u00f6retagets styrelseledam\u00f6ter, verkst\u00e4llande direkt\u00f6ren och ledningsgruppens medlemmar, samt deras enligt MAR:s best\u00e4mmelser definierade n\u00e4rkrets. Personer i ledande st\u00e4llning omfattas av en handelsrestriktion (st\u00e4ngt f\u00f6nster) f\u00f6r handel med Saga Furs finansiella instrument 30 kalenderdagar f\u00f6re offentligg\u00f6randet av bolagets bokslutskommunik\u00e9 eller halv\u00e5rsrapport. Ut\u00f6ver personerna i ledande st\u00e4llning har bolaget fastst\u00e4llt att personer som regelbundet deltar i utarbetandet av halv\u00e5rsrapporter, bokslutskommunik\u00e9er och \u00e5rsredovisningar omfattas av best\u00e4mmelsen om 30 kalenderdagars handelsbegr\u00e4nsningar (st\u00e4ngt f\u00f6nster).<\/p>\n<p><u>Insiderinformation och -f\u00f6rteckningar<\/u><\/p>\n<p>Saga Furs insideradministration uppr\u00e4ttar insiderf\u00f6rteckningar och h\u00e5ller dem uppdaterade i elektronisk form. Ut\u00f6ver enskilda insiderf\u00f6rteckningar (projektspecifika insiderf\u00f6rteckningar) uppr\u00e4tth\u00e5ller Saga Furs en kompletterande f\u00f6rteckning \u00f6ver permanenta insiders. Permanenta insiders omfattar endast de personer vilka p\u00e5 basen av sina arbetsuppgifter anses ha kontinuerlig tillg\u00e5ng till all insiderinformation. Permanenta insiders anses vara medvetna om all insiderinformation. Saga Furs ska omedelbart informera permanenta insiders om att ett nytt insiderprojekt har inletts. I de projektspecifika insiderf\u00f6rteckningarna inf\u00f6rs de personer som har insiderinformation om projektet i fr\u00e5ga, inklusive eventuella externa r\u00e5dgivare och experter.<\/p>\n<p>Insiderf\u00f6rteckningarna uppr\u00e4tth\u00e5lls genom ett elektroniskt f\u00f6rfarande, som uppr\u00e4ttats av och\/eller \u00e4r godk\u00e4nt av Finansinspektionen eller annan l\u00e4mplig myndighet, och som uppfyller till\u00e4mpliga krav. Insiderf\u00f6rteckningarna \u00e4r inte offentliga och \u00e4r inte tillg\u00e4ngliga f\u00f6r allm\u00e4nheten.<\/p>\n<p>Insiderf\u00f6rvaltningen underr\u00e4ttar skriftligen personer som upptas p\u00e5 insiderf\u00f6rteckningen om hans eller hennes st\u00e4llning som insider, de skyldigheter som f\u00f6ljer av detta och eventuella sanktioner i anslutning till f\u00f6rsummelser. En person som antecknats i en projektspecifik insiderf\u00f6rteckning underr\u00e4ttas om att projektet har avslutats och att den projektspecifika insiderf\u00f6rteckningen avslutas.<\/p>\n<p>Saga Furs insideransvarige \u00e4r koncernens HR- och IT-chef.<\/p>\n<p><u>Handelsrestriktioner (st\u00e4ngt f\u00f6nster)<\/u><\/p>\n<p>Personer i ledande st\u00e4llning och andra personer som Saga Furs eventuellt definierar som permanenta insiders b\u00f6r planera sin handel med finansiella instrument s\u00e5, att handeln inte f\u00f6rsvagar f\u00f6rtroendet f\u00f6r v\u00e4rdepappersmarknaden.<\/p>\n<p>Personer i ledande st\u00e4llning och eventuella andra permanenta insiders f\u00e5r inte utf\u00f6ra transaktioner f\u00f6r egen eller f\u00f6r tredje parts r\u00e4kning under en st\u00e4ngd period, som alltid b\u00f6rjar 30 dagar f\u00f6re offentligg\u00f6randet av ifr\u00e5gavarande bokslutskommunik\u00e9 och halv\u00e5rsrapport och slutar 24 timmar efter offentligg\u00f6randet av koncernens del\u00e5rsrapport, halv\u00e5rsrapport eller bokslutskommunik\u00e9.<\/p>\n<p>I enlighet med Nasdaq Helsinki Oy:s insiderregler f\u00f6rordnar Saga Furs, att personer som deltar i utarbetandet, sammanst\u00e4llningen, granskningen eller offentligg\u00f6randet av Saga Furs\u2019 finansiella rapporter inte f\u00e5r utf\u00f6ra transaktioner f\u00f6r egen eller f\u00f6r tredje parts r\u00e4kning under den st\u00e4ngda perioden.<\/p>\n<p>Handelsrestriktionen g\u00e4ller \u00e4ven f\u00f6r omyndiga personer som st\u00e5r under f\u00f6rmyndarskap av personer som omfattas av handelsrestriktionen. En person som omfattas av handelsrestriktionen \u00e4r ansvarig f\u00f6r att f\u00f6lja handelsrestriktionen \u00e4ven n\u00e4r f\u00f6rvaltningen av dennes v\u00e4rdepapper och andra finansiella instrument har \u00f6verl\u00e5tits till en annan person, till exempel en portf\u00f6ljf\u00f6rvaltare.<\/p>\n<p><u>Ledningens och n\u00e4rst\u00e5ende personers skyldighet att anm\u00e4la och offentligg\u00f6ra transaktioner<\/u><\/p>\n<p>Personer i ledande st\u00e4llning och deras n\u00e4rst\u00e5ende \u00e4r skyldiga att till Saga Furs och Finansinspektionen anm\u00e4la alla transaktioner som de g\u00f6r f\u00f6r egen r\u00e4kning med Saga Furs\u2019 aktier, skuldinstrument, derivat eller andra d\u00e4rtill relaterade finansiella instrument. Anm\u00e4lningsskyldigheten g\u00e4ller transaktioner som g\u00f6rs p\u00e5 alla marknadsplatser eller utanf\u00f6r marknadsplatserna.<\/p>\n<p>Den nedre gr\u00e4nsen f\u00f6r anm\u00e4lningsskyldigheten \u00e4r 20 000 (tjugo tusen) euro under ett kalender\u00e5r.<\/p>\n<p>&nbsp;<\/p>\n<p>Uppdaterat juni 2025<\/p>\n","protected":false},"excerpt":{"rendered":"<p>De risker som p\u00e5verkar Saga Furs Oyj:s verksamhet klassificeras som aff\u00e4rsverksamhetsrisker, olycks- och egendomsrisker, finansieringsrisker samt operativa risker. Inom dessa riskkategorier har bolaget definierat de f\u00f6r tillf\u00e4llet mest betydande riskerna och os\u00e4kerhetsfaktorerna enligt f\u00f6ljande: Konjunktur- och valutakursv\u00e4xlingar, image- och politiska risker relaterade till p\u00e4lsdjursuppf\u00f6dning och handeln med p\u00e4lsskinn, f\u00f6r\u00e4ndringar i produktionen p\u00e4lsskinn samt finansieringsrisker. Bolaget<a class=\"excerpt-read-more\" href=\"https:\/\/www.sagafurs.com\/sv\/bolaget\/bolagets-forvaltning\/intern-kontroll-och-riskhantering\/\" title=\"L\u00e4sIntern kontroll och riskhantering\">\u2026 L\u00e4s mera &raquo;<\/a><\/p>\n","protected":false},"author":29,"featured_media":0,"parent":2618,"menu_order":0,"comment_status":"closed","ping_status":"closed","template":"templates\/content-page-template.php","meta":{"_acf_changed":false,"footnotes":""},"class_list":["post-9360","page","type-page","status-publish","hentry"],"acf":[],"yoast_head":"<!-- This site is optimized with the Yoast SEO plugin v27.5 - https:\/\/yoast.com\/product\/yoast-seo-wordpress\/ -->\n<title>Intern kontroll och riskhantering - Sagafurs<\/title>\n<meta name=\"robots\" content=\"index, follow, max-snippet:-1, max-image-preview:large, max-video-preview:-1\" \/>\n<link rel=\"canonical\" href=\"https:\/\/www.sagafurs.com\/sv\/bolaget\/bolagets-forvaltning\/intern-kontroll-och-riskhantering\/\" \/>\n<meta property=\"og:locale\" content=\"sv_SE\" \/>\n<meta property=\"og:type\" content=\"article\" \/>\n<meta property=\"og:title\" content=\"Intern kontroll och riskhantering - Sagafurs\" \/>\n<meta property=\"og:description\" content=\"De risker som p\u00e5verkar Saga Furs Oyj:s verksamhet klassificeras som aff\u00e4rsverksamhetsrisker, olycks- och egendomsrisker, finansieringsrisker samt operativa risker. Inom dessa riskkategorier har bolaget definierat de f\u00f6r tillf\u00e4llet mest betydande riskerna och os\u00e4kerhetsfaktorerna enligt f\u00f6ljande: Konjunktur- och valutakursv\u00e4xlingar, image- och politiska risker relaterade till p\u00e4lsdjursuppf\u00f6dning och handeln med p\u00e4lsskinn, f\u00f6r\u00e4ndringar i produktionen p\u00e4lsskinn samt finansieringsrisker. Bolaget\u2026 L\u00e4s mera &raquo;\" \/>\n<meta property=\"og:url\" content=\"https:\/\/www.sagafurs.com\/sv\/bolaget\/bolagets-forvaltning\/intern-kontroll-och-riskhantering\/\" \/>\n<meta property=\"og:site_name\" content=\"Sagafurs\" \/>\n<meta property=\"article:modified_time\" content=\"2025-06-06T06:43:54+00:00\" \/>\n<meta name=\"twitter:card\" content=\"summary_large_image\" \/>\n<meta name=\"twitter:label1\" content=\"Ber\u00e4knad l\u00e4stid\" \/>\n\t<meta name=\"twitter:data1\" content=\"4 minuter\" \/>\n<script type=\"application\/ld+json\" class=\"yoast-schema-graph\">{\"@context\":\"https:\\\/\\\/schema.org\",\"@graph\":[{\"@type\":\"WebPage\",\"@id\":\"https:\\\/\\\/www.sagafurs.com\\\/sv\\\/bolaget\\\/bolagets-forvaltning\\\/intern-kontroll-och-riskhantering\\\/\",\"url\":\"https:\\\/\\\/www.sagafurs.com\\\/sv\\\/bolaget\\\/bolagets-forvaltning\\\/intern-kontroll-och-riskhantering\\\/\",\"name\":\"Intern kontroll och riskhantering - Sagafurs\",\"isPartOf\":{\"@id\":\"https:\\\/\\\/www.sagafurs.com\\\/#website\"},\"datePublished\":\"2016-10-20T12:44:07+00:00\",\"dateModified\":\"2025-06-06T06:43:54+00:00\",\"breadcrumb\":{\"@id\":\"https:\\\/\\\/www.sagafurs.com\\\/sv\\\/bolaget\\\/bolagets-forvaltning\\\/intern-kontroll-och-riskhantering\\\/#breadcrumb\"},\"inLanguage\":\"sv-SE\",\"potentialAction\":[{\"@type\":\"ReadAction\",\"target\":[\"https:\\\/\\\/www.sagafurs.com\\\/sv\\\/bolaget\\\/bolagets-forvaltning\\\/intern-kontroll-och-riskhantering\\\/\"]}]},{\"@type\":\"BreadcrumbList\",\"@id\":\"https:\\\/\\\/www.sagafurs.com\\\/sv\\\/bolaget\\\/bolagets-forvaltning\\\/intern-kontroll-och-riskhantering\\\/#breadcrumb\",\"itemListElement\":[{\"@type\":\"ListItem\",\"position\":1,\"name\":\"Home\",\"item\":\"https:\\\/\\\/www.sagafurs.com\\\/sv\\\/\"},{\"@type\":\"ListItem\",\"position\":2,\"name\":\"Bolaget\",\"item\":\"https:\\\/\\\/www.sagafurs.com\\\/sv\\\/bolaget\\\/\"},{\"@type\":\"ListItem\",\"position\":3,\"name\":\"Bolagets f\u00f6rvaltning\",\"item\":\"https:\\\/\\\/www.sagafurs.com\\\/sv\\\/bolaget\\\/bolagets-forvaltning\\\/\"},{\"@type\":\"ListItem\",\"position\":4,\"name\":\"Intern kontroll och riskhantering\"}]},{\"@type\":\"WebSite\",\"@id\":\"https:\\\/\\\/www.sagafurs.com\\\/#website\",\"url\":\"https:\\\/\\\/www.sagafurs.com\\\/\",\"name\":\"Sagafurs\",\"description\":\"Sagafurs\",\"potentialAction\":[{\"@type\":\"SearchAction\",\"target\":{\"@type\":\"EntryPoint\",\"urlTemplate\":\"https:\\\/\\\/www.sagafurs.com\\\/?s={search_term_string}\"},\"query-input\":{\"@type\":\"PropertyValueSpecification\",\"valueRequired\":true,\"valueName\":\"search_term_string\"}}],\"inLanguage\":\"sv-SE\"}]}<\/script>\n<!-- \/ Yoast SEO plugin. -->","yoast_head_json":{"title":"Intern kontroll och riskhantering - Sagafurs","robots":{"index":"index","follow":"follow","max-snippet":"max-snippet:-1","max-image-preview":"max-image-preview:large","max-video-preview":"max-video-preview:-1"},"canonical":"https:\/\/www.sagafurs.com\/sv\/bolaget\/bolagets-forvaltning\/intern-kontroll-och-riskhantering\/","og_locale":"sv_SE","og_type":"article","og_title":"Intern kontroll och riskhantering - Sagafurs","og_description":"De risker som p\u00e5verkar Saga Furs Oyj:s verksamhet klassificeras som aff\u00e4rsverksamhetsrisker, olycks- och egendomsrisker, finansieringsrisker samt operativa risker. Inom dessa riskkategorier har bolaget definierat de f\u00f6r tillf\u00e4llet mest betydande riskerna och os\u00e4kerhetsfaktorerna enligt f\u00f6ljande: Konjunktur- och valutakursv\u00e4xlingar, image- och politiska risker relaterade till p\u00e4lsdjursuppf\u00f6dning och handeln med p\u00e4lsskinn, f\u00f6r\u00e4ndringar i produktionen p\u00e4lsskinn samt finansieringsrisker. Bolaget\u2026 L\u00e4s mera &raquo;","og_url":"https:\/\/www.sagafurs.com\/sv\/bolaget\/bolagets-forvaltning\/intern-kontroll-och-riskhantering\/","og_site_name":"Sagafurs","article_modified_time":"2025-06-06T06:43:54+00:00","twitter_card":"summary_large_image","twitter_misc":{"Ber\u00e4knad l\u00e4stid":"4 minuter"},"schema":{"@context":"https:\/\/schema.org","@graph":[{"@type":"WebPage","@id":"https:\/\/www.sagafurs.com\/sv\/bolaget\/bolagets-forvaltning\/intern-kontroll-och-riskhantering\/","url":"https:\/\/www.sagafurs.com\/sv\/bolaget\/bolagets-forvaltning\/intern-kontroll-och-riskhantering\/","name":"Intern kontroll och riskhantering - Sagafurs","isPartOf":{"@id":"https:\/\/www.sagafurs.com\/#website"},"datePublished":"2016-10-20T12:44:07+00:00","dateModified":"2025-06-06T06:43:54+00:00","breadcrumb":{"@id":"https:\/\/www.sagafurs.com\/sv\/bolaget\/bolagets-forvaltning\/intern-kontroll-och-riskhantering\/#breadcrumb"},"inLanguage":"sv-SE","potentialAction":[{"@type":"ReadAction","target":["https:\/\/www.sagafurs.com\/sv\/bolaget\/bolagets-forvaltning\/intern-kontroll-och-riskhantering\/"]}]},{"@type":"BreadcrumbList","@id":"https:\/\/www.sagafurs.com\/sv\/bolaget\/bolagets-forvaltning\/intern-kontroll-och-riskhantering\/#breadcrumb","itemListElement":[{"@type":"ListItem","position":1,"name":"Home","item":"https:\/\/www.sagafurs.com\/sv\/"},{"@type":"ListItem","position":2,"name":"Bolaget","item":"https:\/\/www.sagafurs.com\/sv\/bolaget\/"},{"@type":"ListItem","position":3,"name":"Bolagets f\u00f6rvaltning","item":"https:\/\/www.sagafurs.com\/sv\/bolaget\/bolagets-forvaltning\/"},{"@type":"ListItem","position":4,"name":"Intern kontroll och riskhantering"}]},{"@type":"WebSite","@id":"https:\/\/www.sagafurs.com\/#website","url":"https:\/\/www.sagafurs.com\/","name":"Sagafurs","description":"Sagafurs","potentialAction":[{"@type":"SearchAction","target":{"@type":"EntryPoint","urlTemplate":"https:\/\/www.sagafurs.com\/?s={search_term_string}"},"query-input":{"@type":"PropertyValueSpecification","valueRequired":true,"valueName":"search_term_string"}}],"inLanguage":"sv-SE"}]}},"_links":{"self":[{"href":"https:\/\/www.sagafurs.com\/sv\/wp-json\/wp\/v2\/pages\/9360","targetHints":{"allow":["GET"]}}],"collection":[{"href":"https:\/\/www.sagafurs.com\/sv\/wp-json\/wp\/v2\/pages"}],"about":[{"href":"https:\/\/www.sagafurs.com\/sv\/wp-json\/wp\/v2\/types\/page"}],"author":[{"embeddable":true,"href":"https:\/\/www.sagafurs.com\/sv\/wp-json\/wp\/v2\/users\/29"}],"replies":[{"embeddable":true,"href":"https:\/\/www.sagafurs.com\/sv\/wp-json\/wp\/v2\/comments?post=9360"}],"version-history":[{"count":0,"href":"https:\/\/www.sagafurs.com\/sv\/wp-json\/wp\/v2\/pages\/9360\/revisions"}],"up":[{"embeddable":true,"href":"https:\/\/www.sagafurs.com\/sv\/wp-json\/wp\/v2\/pages\/2618"}],"wp:attachment":[{"href":"https:\/\/www.sagafurs.com\/sv\/wp-json\/wp\/v2\/media?parent=9360"}],"curies":[{"name":"wp","href":"https:\/\/api.w.org\/{rel}","templated":true}]}}